{"id":1246,"date":"2021-11-02T18:40:48","date_gmt":"2021-11-02T20:40:48","guid":{"rendered":"http:\/\/ltim.lt\/?page_id=1246"},"modified":"2021-12-15T21:33:04","modified_gmt":"2021-12-15T23:33:04","slug":"a-iljaseviciaus-lesomis-pastatyta-senoji-kauno-mecete-1906-1930-m","status":"publish","type":"page","link":"https:\/\/ltim.lt\/en\/galerija\/vietoves\/kaunas\/a-iljaseviciaus-lesomis-pastatyta-senoji-kauno-mecete-1906-1930-m\/","title":{"rendered":"A. Iljasevi\u010diaus l\u0117\u0161omis pastatyta senoji Kauno me\u010det\u0117 1906-1930 m."},"content":{"rendered":"\n<p>Naujamiestyje apie 1850 m. buvo \u012fsteigtos Karmelit\u0173 kapin\u0117s. \u0160i\u0173 kapini\u0173 \u0161iaurin\u0117je dalyje 1 ha \u017eem\u0117s sklypas buvo skirtas musulmon\u0173 kapin\u0117ms. Toje teritorijoje 1906 m. buvo pastatyta ir medin\u0117 me\u010det\u0117. Me\u010det\u0117s statybos mecenatas totori\u0173 kilm\u0117s Kauno miesto gyventojas Aleksandras Iljasevi\u010dius.<\/p>\n<p>Pastatas buvo medinis, nuda\u017eytas m\u0117lyna spalva. Statiniui nebuvo b\u016bdingos\u00a0jokios i\u0161skirtin\u0117s formos. Jo matmenys 10 m. ilgio ir 8 m. plo\u010dio. Minareto (Mineteto) nebuvo. Stogo fronton\u0105 puo\u0161\u0117 ma\u017eas bok\u0161telis. Taip pat nebuvo \u012fprasto prie\u0161kiemio, bet pasitikdavo 2 metr\u0173 plo\u010dio tvora aptvertas sodelis prie\u0161ais\u00a0dvejas duris su pritvirtinta atminimo lenta fundatoriui ir musulmon\u0173 maldos \u017eod\u017eiais (La il lahe, il lei labu, Mohamed re su fui lahu; Alachas yra, Alachas ir jo prana\u0161as Mahometas) papuo\u0161tas \u012f\u0117jimas. Kairiosios durys ved\u0117 \u012f auk\u0161t\u0105, vos 2,5 kv. m. dyd\u017eio kvadrato formos su nedideliu langeliu ap\u0161viest\u0105 ir su\u00a0pagrindine dalimi sujungt\u0105 patalp\u0105 moterims pasimelsti. De\u0161iniosios durys ved\u0117 \u012f pagrindin\u0119 me\u010det\u0117s patalp\u0105, i\u0161 abiej\u0173 pusi\u0173 ap\u0161viest\u0105 langais. Ant lenteli\u0173\u00a0sura\u0161yti Dievo vardai, Prana\u0161o ir daug Korano citat\u0173. Grindys i\u0161klotos kilimais.\u00a0<\/p>\n","protected":false},"excerpt":{"rendered":"<p>Naujamiestyje apie 1850 m. buvo \u012fsteigtos Karmelit\u0173 kapin\u0117s. \u0160i\u0173 kapini\u0173 \u0161iaurin\u0117je dalyje 1 ha \u017eem\u0117s sklypas buvo skirtas musulmon\u0173 kapin\u0117ms. Toje teritorijoje 1906 m. buvo pastatyta ir medin\u0117 me\u010det\u0117. Me\u010det\u0117s statybos mecenatas totori\u0173 kilm\u0117s Kauno miesto gyventojas Aleksandras Iljasevi\u010dius. Pastatas buvo medinis, nuda\u017eytas m\u0117lyna spalva. Statiniui nebuvo b\u016bdingos\u00a0jokios i\u0161skirtin\u0117s formos. Jo matmenys 10 m. ilgio [&hellip;]<\/p>\n","protected":false},"author":1,"featured_media":1247,"parent":148,"menu_order":0,"comment_status":"closed","ping_status":"closed","template":"page-gallery-inside.php","meta":[],"_links":{"self":[{"href":"https:\/\/ltim.lt\/en\/wp-json\/wp\/v2\/pages\/1246"}],"collection":[{"href":"https:\/\/ltim.lt\/en\/wp-json\/wp\/v2\/pages"}],"about":[{"href":"https:\/\/ltim.lt\/en\/wp-json\/wp\/v2\/types\/page"}],"author":[{"embeddable":true,"href":"https:\/\/ltim.lt\/en\/wp-json\/wp\/v2\/users\/1"}],"replies":[{"embeddable":true,"href":"https:\/\/ltim.lt\/en\/wp-json\/wp\/v2\/comments?post=1246"}],"version-history":[{"count":3,"href":"https:\/\/ltim.lt\/en\/wp-json\/wp\/v2\/pages\/1246\/revisions"}],"predecessor-version":[{"id":1527,"href":"https:\/\/ltim.lt\/en\/wp-json\/wp\/v2\/pages\/1246\/revisions\/1527"}],"up":[{"embeddable":true,"href":"https:\/\/ltim.lt\/en\/wp-json\/wp\/v2\/pages\/148"}],"wp:featuredmedia":[{"embeddable":true,"href":"https:\/\/ltim.lt\/en\/wp-json\/wp\/v2\/media\/1247"}],"wp:attachment":[{"href":"https:\/\/ltim.lt\/en\/wp-json\/wp\/v2\/media?parent=1246"}],"curies":[{"name":"wp","href":"https:\/\/api.w.org\/{rel}","templated":true}]}}