{"id":1242,"date":"2021-11-02T18:38:39","date_gmt":"2021-11-02T20:38:39","guid":{"rendered":"http:\/\/ltim.lt\/?page_id=1242"},"modified":"2021-11-02T18:38:41","modified_gmt":"2021-11-02T20:38:41","slug":"didzioji-totoriu-gatve-kaune-pirmojo-pasaulinio-karo-metu","status":"publish","type":"page","link":"https:\/\/ltim.lt\/en\/galerija\/vietoves\/kaunas\/didzioji-totoriu-gatve-kaune-pirmojo-pasaulinio-karo-metu\/","title":{"rendered":"Did\u017eioji totori\u0173 gatv\u0117 Kaune Pirmojo pasaulinio karo metu"},"content":{"rendered":"\n<p>Autorius ne\u017einomas.<\/p>\n","protected":false},"excerpt":{"rendered":"<p>Autorius ne\u017einomas.<\/p>\n","protected":false},"author":1,"featured_media":1238,"parent":148,"menu_order":0,"comment_status":"closed","ping_status":"closed","template":"page-gallery-inside.php","meta":[],"_links":{"self":[{"href":"https:\/\/ltim.lt\/en\/wp-json\/wp\/v2\/pages\/1242"}],"collection":[{"href":"https:\/\/ltim.lt\/en\/wp-json\/wp\/v2\/pages"}],"about":[{"href":"https:\/\/ltim.lt\/en\/wp-json\/wp\/v2\/types\/page"}],"author":[{"embeddable":true,"href":"https:\/\/ltim.lt\/en\/wp-json\/wp\/v2\/users\/1"}],"replies":[{"embeddable":true,"href":"https:\/\/ltim.lt\/en\/wp-json\/wp\/v2\/comments?post=1242"}],"version-history":[{"count":2,"href":"https:\/\/ltim.lt\/en\/wp-json\/wp\/v2\/pages\/1242\/revisions"}],"predecessor-version":[{"id":1244,"href":"https:\/\/ltim.lt\/en\/wp-json\/wp\/v2\/pages\/1242\/revisions\/1244"}],"up":[{"embeddable":true,"href":"https:\/\/ltim.lt\/en\/wp-json\/wp\/v2\/pages\/148"}],"wp:featuredmedia":[{"embeddable":true,"href":"https:\/\/ltim.lt\/en\/wp-json\/wp\/v2\/media\/1238"}],"wp:attachment":[{"href":"https:\/\/ltim.lt\/en\/wp-json\/wp\/v2\/media?parent=1242"}],"curies":[{"name":"wp","href":"https:\/\/api.w.org\/{rel}","templated":true}]}}