{"id":1237,"date":"2021-11-02T18:37:08","date_gmt":"2021-11-02T20:37:08","guid":{"rendered":"http:\/\/ltim.lt\/?page_id=1237"},"modified":"2021-12-15T21:56:57","modified_gmt":"2021-12-15T23:56:57","slug":"didzioji-totoriu-gatve-kaune-xx-a-pradzioje","status":"publish","type":"page","link":"https:\/\/ltim.lt\/en\/galerija\/vietoves\/kaunas\/didzioji-totoriu-gatve-kaune-xx-a-pradzioje\/","title":{"rendered":"Did\u017eioji totori\u0173 gatv\u0117 Kaune XX a. prad\u017eioje"},"content":{"rendered":"\n<p>Autorius ne\u017einomas.<\/p>\n","protected":false},"excerpt":{"rendered":"<p>Autorius ne\u017einomas.<\/p>\n","protected":false},"author":1,"featured_media":1239,"parent":148,"menu_order":0,"comment_status":"closed","ping_status":"closed","template":"page-gallery-inside.php","meta":[],"_links":{"self":[{"href":"https:\/\/ltim.lt\/en\/wp-json\/wp\/v2\/pages\/1237"}],"collection":[{"href":"https:\/\/ltim.lt\/en\/wp-json\/wp\/v2\/pages"}],"about":[{"href":"https:\/\/ltim.lt\/en\/wp-json\/wp\/v2\/types\/page"}],"author":[{"embeddable":true,"href":"https:\/\/ltim.lt\/en\/wp-json\/wp\/v2\/users\/1"}],"replies":[{"embeddable":true,"href":"https:\/\/ltim.lt\/en\/wp-json\/wp\/v2\/comments?post=1237"}],"version-history":[{"count":3,"href":"https:\/\/ltim.lt\/en\/wp-json\/wp\/v2\/pages\/1237\/revisions"}],"predecessor-version":[{"id":1534,"href":"https:\/\/ltim.lt\/en\/wp-json\/wp\/v2\/pages\/1237\/revisions\/1534"}],"up":[{"embeddable":true,"href":"https:\/\/ltim.lt\/en\/wp-json\/wp\/v2\/pages\/148"}],"wp:featuredmedia":[{"embeddable":true,"href":"https:\/\/ltim.lt\/en\/wp-json\/wp\/v2\/media\/1239"}],"wp:attachment":[{"href":"https:\/\/ltim.lt\/en\/wp-json\/wp\/v2\/media?parent=1237"}],"curies":[{"name":"wp","href":"https:\/\/api.w.org\/{rel}","templated":true}]}}