{"id":1231,"date":"2021-11-02T18:34:58","date_gmt":"2021-11-02T20:34:58","guid":{"rendered":"http:\/\/ltim.lt\/?page_id=1231"},"modified":"2021-12-15T22:22:04","modified_gmt":"2021-12-16T00:22:04","slug":"1930-m-vilniaus-totoriu-meceteje-lankesi-lenkijos-prezidentas-ignacy-moscicki","status":"publish","type":"page","link":"https:\/\/ltim.lt\/en\/galerija\/vietoves\/vilnius\/1930-m-vilniaus-totoriu-meceteje-lankesi-lenkijos-prezidentas-ignacy-moscicki\/","title":{"rendered":"Vilniaus totori\u0173 me\u010det\u0117je lank\u0117si Lenkijos Prezidentas Ignacy Mo\u015bcicki"},"content":{"rendered":"\n<p class=\"post-title\">1930 m. Vilniaus totori\u0173 me\u010det\u0117je lank\u0117si Lenkijos Prezidentas Ignacy Mo\u015bcicki.<\/p>\n","protected":false},"excerpt":{"rendered":"<p>1930 m. Vilniaus totori\u0173 me\u010det\u0117je lank\u0117si Lenkijos Prezidentas Ignacy Mo\u015bcicki.<\/p>\n","protected":false},"author":1,"featured_media":1232,"parent":150,"menu_order":0,"comment_status":"closed","ping_status":"closed","template":"page-gallery-inside.php","meta":[],"_links":{"self":[{"href":"https:\/\/ltim.lt\/en\/wp-json\/wp\/v2\/pages\/1231"}],"collection":[{"href":"https:\/\/ltim.lt\/en\/wp-json\/wp\/v2\/pages"}],"about":[{"href":"https:\/\/ltim.lt\/en\/wp-json\/wp\/v2\/types\/page"}],"author":[{"embeddable":true,"href":"https:\/\/ltim.lt\/en\/wp-json\/wp\/v2\/users\/1"}],"replies":[{"embeddable":true,"href":"https:\/\/ltim.lt\/en\/wp-json\/wp\/v2\/comments?post=1231"}],"version-history":[{"count":6,"href":"https:\/\/ltim.lt\/en\/wp-json\/wp\/v2\/pages\/1231\/revisions"}],"predecessor-version":[{"id":1546,"href":"https:\/\/ltim.lt\/en\/wp-json\/wp\/v2\/pages\/1231\/revisions\/1546"}],"up":[{"embeddable":true,"href":"https:\/\/ltim.lt\/en\/wp-json\/wp\/v2\/pages\/150"}],"wp:featuredmedia":[{"embeddable":true,"href":"https:\/\/ltim.lt\/en\/wp-json\/wp\/v2\/media\/1232"}],"wp:attachment":[{"href":"https:\/\/ltim.lt\/en\/wp-json\/wp\/v2\/media?parent=1231"}],"curies":[{"name":"wp","href":"https:\/\/api.w.org\/{rel}","templated":true}]}}