{"id":1227,"date":"2021-11-02T18:33:31","date_gmt":"2021-11-02T20:33:31","guid":{"rendered":"http:\/\/ltim.lt\/?page_id=1227"},"modified":"2021-11-02T18:33:31","modified_gmt":"2021-11-02T20:33:31","slug":"vilniaus-totoriu-bendruomene-1907-m","status":"publish","type":"page","link":"https:\/\/ltim.lt\/en\/galerija\/vietoves\/vilnius\/vilniaus-totoriu-bendruomene-1907-m\/","title":{"rendered":"Vilniaus totori\u0173 bendruomen\u0117 1907 m."},"content":{"rendered":"\n<p>I\u0161 kair\u0117s \u012f de\u0161in\u0119 s\u0117di: Vilniaus imamas Juozas Chaleckas, muftijaus asistentas drag\u016bn\u0173 karo kapelionas (pavard\u0117 ne\u017einoma), muftijus Adomas Koro\u0161aiskis, Rai\u017ei\u0173 imamas Adomas Chaleckas ir pulkininkas Suleimanas Bazarevskis (mir\u0117 1920 m.). Stovi: religijos mokytojas Suleimanas Chaleckas, Ibrahimas Smaikevi\u010dius (v\u0117liau nuo 1925 m. Vilniaus imamas), \u0161tabskapitonas Sulkevi\u010dius (\u017euvo per I pasaulin\u012f kar\u0105), Suleimanas Krinickis (\u017euvo nuo bol\u0161evik\u0173 1919 m. Simferopolyje), sekretorius \u0160\u010densnavi\u010dius, \u0161tabskapitonas Jonas Ilja\u0161evi\u010dius (\u017euvo per I pasaulin\u012f kar\u0105) ir Stepas Krinickis (tarnavo laikra\u0161\u010dio \u201eVilenskij vestnik\u201c redakcijoje, 1919 m. bol\u0161evikai su\u0161aud\u0117).<\/p>\n","protected":false},"excerpt":{"rendered":"<p>I\u0161 kair\u0117s \u012f de\u0161in\u0119 s\u0117di: Vilniaus imamas Juozas Chaleckas, muftijaus asistentas drag\u016bn\u0173 karo kapelionas (pavard\u0117 ne\u017einoma), muftijus Adomas Koro\u0161aiskis, Rai\u017ei\u0173 imamas Adomas Chaleckas ir pulkininkas Suleimanas Bazarevskis (mir\u0117 1920 m.). Stovi: religijos mokytojas Suleimanas Chaleckas, Ibrahimas Smaikevi\u010dius (v\u0117liau nuo 1925 m. Vilniaus imamas), \u0161tabskapitonas Sulkevi\u010dius (\u017euvo per I pasaulin\u012f kar\u0105), Suleimanas Krinickis (\u017euvo nuo bol\u0161evik\u0173 [&hellip;]<\/p>\n","protected":false},"author":1,"featured_media":1228,"parent":150,"menu_order":0,"comment_status":"closed","ping_status":"closed","template":"page-gallery-inside.php","meta":[],"_links":{"self":[{"href":"https:\/\/ltim.lt\/en\/wp-json\/wp\/v2\/pages\/1227"}],"collection":[{"href":"https:\/\/ltim.lt\/en\/wp-json\/wp\/v2\/pages"}],"about":[{"href":"https:\/\/ltim.lt\/en\/wp-json\/wp\/v2\/types\/page"}],"author":[{"embeddable":true,"href":"https:\/\/ltim.lt\/en\/wp-json\/wp\/v2\/users\/1"}],"replies":[{"embeddable":true,"href":"https:\/\/ltim.lt\/en\/wp-json\/wp\/v2\/comments?post=1227"}],"version-history":[{"count":2,"href":"https:\/\/ltim.lt\/en\/wp-json\/wp\/v2\/pages\/1227\/revisions"}],"predecessor-version":[{"id":1230,"href":"https:\/\/ltim.lt\/en\/wp-json\/wp\/v2\/pages\/1227\/revisions\/1230"}],"up":[{"embeddable":true,"href":"https:\/\/ltim.lt\/en\/wp-json\/wp\/v2\/pages\/150"}],"wp:featuredmedia":[{"embeddable":true,"href":"https:\/\/ltim.lt\/en\/wp-json\/wp\/v2\/media\/1228"}],"wp:attachment":[{"href":"https:\/\/ltim.lt\/en\/wp-json\/wp\/v2\/media?parent=1227"}],"curies":[{"name":"wp","href":"https:\/\/api.w.org\/{rel}","templated":true}]}}