{"id":1223,"date":"2021-11-02T18:31:01","date_gmt":"2021-11-02T20:31:01","guid":{"rendered":"http:\/\/ltim.lt\/?page_id=1223"},"modified":"2021-12-15T22:20:06","modified_gmt":"2021-12-16T00:20:06","slug":"senoji-vilniaus-lukiskiu-mecete","status":"publish","type":"page","link":"https:\/\/ltim.lt\/en\/galerija\/vietoves\/vilnius\/senoji-vilniaus-lukiskiu-mecete\/","title":{"rendered":"Senoji Vilniaus Luki\u0161ki\u0173 me\u010det\u0117"},"content":{"rendered":"\n<p>Eksponatas &#8211; J. Ozemblovskio litografija.<\/p>\n<p>Viena seniausi\u0173 Vilniaus Luki\u0161ki\u0173 medin\u0117 me\u010det\u0117 iki XIX a. vidurio i\u0161saugojo savo architekt\u016brin\u012f stili\u0173. XIX a. viduryje ji perstatyta, pakeista nei\u0161vaizd\u017eiu\u00a0pastatu, primenan\u010diu gyvenam\u0105j\u012f nam\u0105.<\/p>\n<p>1900 m. prad\u0117ta galvoti apie nauj\u0105 m\u016brin\u0119 me\u010det\u0119.<\/p>\n","protected":false},"excerpt":{"rendered":"<p>Eksponatas &#8211; J. Ozemblovskio litografija. Viena seniausi\u0173 Vilniaus Luki\u0161ki\u0173 medin\u0117 me\u010det\u0117 iki XIX a. vidurio i\u0161saugojo savo architekt\u016brin\u012f stili\u0173. XIX a. viduryje ji perstatyta, pakeista nei\u0161vaizd\u017eiu\u00a0pastatu, primenan\u010diu gyvenam\u0105j\u012f nam\u0105. 1900 m. prad\u0117ta galvoti apie nauj\u0105 m\u016brin\u0119 me\u010det\u0119.<\/p>\n","protected":false},"author":1,"featured_media":1219,"parent":150,"menu_order":0,"comment_status":"closed","ping_status":"closed","template":"page-gallery-inside.php","meta":[],"_links":{"self":[{"href":"https:\/\/ltim.lt\/en\/wp-json\/wp\/v2\/pages\/1223"}],"collection":[{"href":"https:\/\/ltim.lt\/en\/wp-json\/wp\/v2\/pages"}],"about":[{"href":"https:\/\/ltim.lt\/en\/wp-json\/wp\/v2\/types\/page"}],"author":[{"embeddable":true,"href":"https:\/\/ltim.lt\/en\/wp-json\/wp\/v2\/users\/1"}],"replies":[{"embeddable":true,"href":"https:\/\/ltim.lt\/en\/wp-json\/wp\/v2\/comments?post=1223"}],"version-history":[{"count":4,"href":"https:\/\/ltim.lt\/en\/wp-json\/wp\/v2\/pages\/1223\/revisions"}],"predecessor-version":[{"id":1545,"href":"https:\/\/ltim.lt\/en\/wp-json\/wp\/v2\/pages\/1223\/revisions\/1545"}],"up":[{"embeddable":true,"href":"https:\/\/ltim.lt\/en\/wp-json\/wp\/v2\/pages\/150"}],"wp:featuredmedia":[{"embeddable":true,"href":"https:\/\/ltim.lt\/en\/wp-json\/wp\/v2\/media\/1219"}],"wp:attachment":[{"href":"https:\/\/ltim.lt\/en\/wp-json\/wp\/v2\/media?parent=1223"}],"curies":[{"name":"wp","href":"https:\/\/api.w.org\/{rel}","templated":true}]}}