{"id":1218,"date":"2021-11-02T18:30:12","date_gmt":"2021-11-02T20:30:12","guid":{"rendered":"http:\/\/ltim.lt\/?page_id=1218"},"modified":"2021-12-15T22:16:22","modified_gmt":"2021-12-16T00:16:22","slug":"naujoji-vilniaus-lukiskiu-mecete","status":"publish","type":"page","link":"https:\/\/ltim.lt\/en\/galerija\/vietoves\/vilnius\/naujoji-vilniaus-lukiskiu-mecete\/","title":{"rendered":"Naujoji Vilniaus Luki\u0161ki\u0173 me\u010det\u0117"},"content":{"rendered":"\n<p>2009 m. Vytauto Did\u017eiojo paminklo pastatymo fondo iniciatyva Vilniuje ant Puslaidininki\u0173 fizikos instituto pastato (kampo) (Go\u0161tauto g. 11, Vilnius) atidengta memorialin\u0117 lenta, \u017eyminti viet\u0105, kurioje nuo XVI a. buvo\u00a0Vilniaus Luki\u0161ki\u0173 totori\u0173 kapin\u0117s ir iki 1968 m. stov\u0117jo me\u010det\u0117 (tuomet me\u010det\u0117 buvo nugriauta). Totori\u0173 Luki\u0161k\u0117s \u2013 viena seniausi\u0173 viet\u0173, kurioje apsigyveno totoriai. Kai kurie istoriniai dokumentai teigia, kad totoriai \u010dia \u012fsik\u016br\u0117 dar XIV\u2013XV a.<\/p>\n<p>\u00a0<\/p>\n","protected":false},"excerpt":{"rendered":"<p>2009 m. Vytauto Did\u017eiojo paminklo pastatymo fondo iniciatyva Vilniuje ant Puslaidininki\u0173 fizikos instituto pastato (kampo) (Go\u0161tauto g. 11, Vilnius) atidengta memorialin\u0117 lenta, \u017eyminti viet\u0105, kurioje nuo XVI a. buvo\u00a0Vilniaus Luki\u0161ki\u0173 totori\u0173 kapin\u0117s ir iki 1968 m. stov\u0117jo me\u010det\u0117 (tuomet me\u010det\u0117 buvo nugriauta). Totori\u0173 Luki\u0161k\u0117s \u2013 viena seniausi\u0173 viet\u0173, kurioje apsigyveno totoriai. Kai kurie istoriniai dokumentai [&hellip;]<\/p>\n","protected":false},"author":1,"featured_media":1220,"parent":150,"menu_order":0,"comment_status":"closed","ping_status":"closed","template":"page-gallery-inside.php","meta":[],"_links":{"self":[{"href":"https:\/\/ltim.lt\/en\/wp-json\/wp\/v2\/pages\/1218"}],"collection":[{"href":"https:\/\/ltim.lt\/en\/wp-json\/wp\/v2\/pages"}],"about":[{"href":"https:\/\/ltim.lt\/en\/wp-json\/wp\/v2\/types\/page"}],"author":[{"embeddable":true,"href":"https:\/\/ltim.lt\/en\/wp-json\/wp\/v2\/users\/1"}],"replies":[{"embeddable":true,"href":"https:\/\/ltim.lt\/en\/wp-json\/wp\/v2\/comments?post=1218"}],"version-history":[{"count":3,"href":"https:\/\/ltim.lt\/en\/wp-json\/wp\/v2\/pages\/1218\/revisions"}],"predecessor-version":[{"id":1542,"href":"https:\/\/ltim.lt\/en\/wp-json\/wp\/v2\/pages\/1218\/revisions\/1542"}],"up":[{"embeddable":true,"href":"https:\/\/ltim.lt\/en\/wp-json\/wp\/v2\/pages\/150"}],"wp:featuredmedia":[{"embeddable":true,"href":"https:\/\/ltim.lt\/en\/wp-json\/wp\/v2\/media\/1220"}],"wp:attachment":[{"href":"https:\/\/ltim.lt\/en\/wp-json\/wp\/v2\/media?parent=1218"}],"curies":[{"name":"wp","href":"https:\/\/api.w.org\/{rel}","templated":true}]}}