{"id":1189,"date":"2021-11-02T18:06:13","date_gmt":"2021-11-02T20:06:13","guid":{"rendered":"http:\/\/ltim.lt\/?page_id=1189"},"modified":"2021-12-15T23:13:38","modified_gmt":"2021-12-16T01:13:38","slug":"teatralizuotas-zalgirio-musio-minejimas-alytuje-1930-m","status":"publish","type":"page","link":"https:\/\/ltim.lt\/en\/galerija\/vietoves\/alytus\/teatralizuotas-zalgirio-musio-minejimas-alytuje-1930-m\/","title":{"rendered":"Teatralizuotas \u017dalgirio m\u016b\u0161io min\u0117jimas Alytuje 1930 m."},"content":{"rendered":"\n<p class=\"post-title\">Nuotraukoje \u012fam\u017eintas teatralizuotas \u017dalgirio m\u016b\u0161io min\u0117jimas Alytuje 1930 m.<\/p>\n","protected":false},"excerpt":{"rendered":"<p>Nuotraukoje \u012fam\u017eintas teatralizuotas \u017dalgirio m\u016b\u0161io min\u0117jimas Alytuje 1930 m.<\/p>\n","protected":false},"author":1,"featured_media":1185,"parent":153,"menu_order":0,"comment_status":"closed","ping_status":"closed","template":"page-gallery-inside.php","meta":[],"_links":{"self":[{"href":"https:\/\/ltim.lt\/en\/wp-json\/wp\/v2\/pages\/1189"}],"collection":[{"href":"https:\/\/ltim.lt\/en\/wp-json\/wp\/v2\/pages"}],"about":[{"href":"https:\/\/ltim.lt\/en\/wp-json\/wp\/v2\/types\/page"}],"author":[{"embeddable":true,"href":"https:\/\/ltim.lt\/en\/wp-json\/wp\/v2\/users\/1"}],"replies":[{"embeddable":true,"href":"https:\/\/ltim.lt\/en\/wp-json\/wp\/v2\/comments?post=1189"}],"version-history":[{"count":4,"href":"https:\/\/ltim.lt\/en\/wp-json\/wp\/v2\/pages\/1189\/revisions"}],"predecessor-version":[{"id":1576,"href":"https:\/\/ltim.lt\/en\/wp-json\/wp\/v2\/pages\/1189\/revisions\/1576"}],"up":[{"embeddable":true,"href":"https:\/\/ltim.lt\/en\/wp-json\/wp\/v2\/pages\/153"}],"wp:featuredmedia":[{"embeddable":true,"href":"https:\/\/ltim.lt\/en\/wp-json\/wp\/v2\/media\/1185"}],"wp:attachment":[{"href":"https:\/\/ltim.lt\/en\/wp-json\/wp\/v2\/media?parent=1189"}],"curies":[{"name":"wp","href":"https:\/\/api.w.org\/{rel}","templated":true}]}}