{"id":1169,"date":"2021-11-02T17:58:33","date_gmt":"2021-11-02T19:58:33","guid":{"rendered":"http:\/\/ltim.lt\/?page_id=1169"},"modified":"2021-12-15T23:06:12","modified_gmt":"2021-12-16T01:06:12","slug":"raiziu-mecetes-vyru-dalis","status":"publish","type":"page","link":"https:\/\/ltim.lt\/en\/galerija\/vietoves\/alytus\/raiziu-mecetes-vyru-dalis\/","title":{"rendered":"Rai\u017ei\u0173 me\u010det\u0117s vyr\u0173 dalis"},"content":{"rendered":"\n<p>Naujoji Rai\u017ei\u0173 me\u010det\u0117 pastatyta vietoj senosios.\u00a0Dabartin\u0117 me\u010det\u0117 \u2013 sta\u010diakampio formos su penkiasiene i\u0161ky\u0161a, nukreipta \u012f\u00a0Mek\u0105. \u012e me\u010det\u0119 \u012feinama pro du atskirus \u012f\u0117jimus, kuriuos sujungia tamb\u016bras. I\u0161 tamb\u016bro du \u012f\u0117jimai \u012f me\u010det\u0117s vyr\u0173 bei\u00a0moter\u0173 dalis. Me\u010det\u0117 padalinta \u012f dvi erdves, taip atskiriant moterims ir vyrams\u00a0skirtas puses. \u0160ios patalpos atskirtos i\u0161ilgine siena, kurioje \u012frengta baliustrada.\u00a0Baliustrada dengiama u\u017euolaida. Dvejomis laiptin\u0117mis, esan\u010diomis abiejose\u00a0pamald\u0173 sal\u0117se, galima pasiekti antro auk\u0161to balkonus. Balkonuose taip pat\u00a0buvo meld\u017eiamasi, nes susirinkus dideliam kiekiui parapijie\u010di\u0173 tr\u016bkdavo\u00a0vietos pagrindin\u0117se erdv\u0117se. Remiantis senoli\u0173 pasakojimais galima teigti,\u00a0kad per metines \u0161ventes susirinkdavo tiek daug \u017emoni\u0173, jog tekdavo melstis ir lauke, me\u010det\u0117s prieigose.<\/p>\n","protected":false},"excerpt":{"rendered":"<p>Naujoji Rai\u017ei\u0173 me\u010det\u0117 pastatyta vietoj senosios.\u00a0Dabartin\u0117 me\u010det\u0117 \u2013 sta\u010diakampio formos su penkiasiene i\u0161ky\u0161a, nukreipta \u012f\u00a0Mek\u0105. \u012e me\u010det\u0119 \u012feinama pro du atskirus \u012f\u0117jimus, kuriuos sujungia tamb\u016bras. I\u0161 tamb\u016bro du \u012f\u0117jimai \u012f me\u010det\u0117s vyr\u0173 bei\u00a0moter\u0173 dalis. Me\u010det\u0117 padalinta \u012f dvi erdves, taip atskiriant moterims ir vyrams\u00a0skirtas puses. \u0160ios patalpos atskirtos i\u0161ilgine siena, kurioje \u012frengta baliustrada.\u00a0Baliustrada dengiama u\u017euolaida. [&hellip;]<\/p>\n","protected":false},"author":1,"featured_media":1165,"parent":153,"menu_order":0,"comment_status":"closed","ping_status":"closed","template":"page-gallery-inside.php","meta":[],"_links":{"self":[{"href":"https:\/\/ltim.lt\/en\/wp-json\/wp\/v2\/pages\/1169"}],"collection":[{"href":"https:\/\/ltim.lt\/en\/wp-json\/wp\/v2\/pages"}],"about":[{"href":"https:\/\/ltim.lt\/en\/wp-json\/wp\/v2\/types\/page"}],"author":[{"embeddable":true,"href":"https:\/\/ltim.lt\/en\/wp-json\/wp\/v2\/users\/1"}],"replies":[{"embeddable":true,"href":"https:\/\/ltim.lt\/en\/wp-json\/wp\/v2\/comments?post=1169"}],"version-history":[{"count":3,"href":"https:\/\/ltim.lt\/en\/wp-json\/wp\/v2\/pages\/1169\/revisions"}],"predecessor-version":[{"id":1572,"href":"https:\/\/ltim.lt\/en\/wp-json\/wp\/v2\/pages\/1169\/revisions\/1572"}],"up":[{"embeddable":true,"href":"https:\/\/ltim.lt\/en\/wp-json\/wp\/v2\/pages\/153"}],"wp:featuredmedia":[{"embeddable":true,"href":"https:\/\/ltim.lt\/en\/wp-json\/wp\/v2\/media\/1165"}],"wp:attachment":[{"href":"https:\/\/ltim.lt\/en\/wp-json\/wp\/v2\/media?parent=1169"}],"curies":[{"name":"wp","href":"https:\/\/api.w.org\/{rel}","templated":true}]}}