{"id":1143,"date":"2021-11-02T17:28:07","date_gmt":"2021-11-02T19:28:07","guid":{"rendered":"http:\/\/ltim.lt\/?page_id=1143"},"modified":"2021-12-15T23:10:58","modified_gmt":"2021-12-16T01:10:58","slug":"raiziu-totoriu-bendruomenes-namas-2010m","status":"publish","type":"page","link":"https:\/\/ltim.lt\/en\/galerija\/vietoves\/alytus\/raiziu-totoriu-bendruomenes-namas-2010m\/","title":{"rendered":"Rai\u017ei\u0173 totori\u0173 bendruomen\u0117s namas 2010m."},"content":{"rendered":"\n<p>Rai\u017ei\u0173 kaimas \u012fsik\u016br\u0119s 6 km \u012f pietvakarius nuo Butrimoni\u0173 ir 13,5 km \u012f\u00a0\u0161iaur\u0117s rytus nuo Alytaus. Tai Lietuvoje gyvenan\u010di\u0173 totori\u0173 musulmon\u0173 dvasinis centras. Totori\u0173 bendruomen\u0117 gars\u0117ja kulinariniu paveldu \u2013 \u0161imtalapiais,\u00a0\u010debur\u0117kais, kibinais. Apie Rai\u017eius ra\u0161oma visose lietuvi\u0161kose enciklopedijose. Vietov\u0117s istorija ap\u017evelgiama kra\u0161totyrininko P. Bir\u017eio 1931 m. Kaune i\u0161leistoje knygoje, skirtoje Alytaus apskri\u010diai (i\u0161 serijos \u201eLietuvos miestai ir miesteliai\u201c). Apie kaim\u0105 taip pat ra\u0161oma kra\u0161totyrininko B. Kviklio knygoje \u201eM\u016bs\u0173 Lietuva\u201c, A. Sema\u0161kos knygoje \u201eKelioni\u0173 vadovas po Lietuv\u0105\u201c ir daugelyje kit\u0173 leidini\u0173.<\/p>\n","protected":false},"excerpt":{"rendered":"<p>Rai\u017ei\u0173 kaimas \u012fsik\u016br\u0119s 6 km \u012f pietvakarius nuo Butrimoni\u0173 ir 13,5 km \u012f\u00a0\u0161iaur\u0117s rytus nuo Alytaus. Tai Lietuvoje gyvenan\u010di\u0173 totori\u0173 musulmon\u0173 dvasinis centras. Totori\u0173 bendruomen\u0117 gars\u0117ja kulinariniu paveldu \u2013 \u0161imtalapiais,\u00a0\u010debur\u0117kais, kibinais. Apie Rai\u017eius ra\u0161oma visose lietuvi\u0161kose enciklopedijose. Vietov\u0117s istorija ap\u017evelgiama kra\u0161totyrininko P. Bir\u017eio 1931 m. Kaune i\u0161leistoje knygoje, skirtoje Alytaus apskri\u010diai (i\u0161 serijos \u201eLietuvos miestai [&hellip;]<\/p>\n","protected":false},"author":1,"featured_media":1144,"parent":153,"menu_order":0,"comment_status":"closed","ping_status":"closed","template":"page-gallery-inside.php","meta":[],"_links":{"self":[{"href":"https:\/\/ltim.lt\/en\/wp-json\/wp\/v2\/pages\/1143"}],"collection":[{"href":"https:\/\/ltim.lt\/en\/wp-json\/wp\/v2\/pages"}],"about":[{"href":"https:\/\/ltim.lt\/en\/wp-json\/wp\/v2\/types\/page"}],"author":[{"embeddable":true,"href":"https:\/\/ltim.lt\/en\/wp-json\/wp\/v2\/users\/1"}],"replies":[{"embeddable":true,"href":"https:\/\/ltim.lt\/en\/wp-json\/wp\/v2\/comments?post=1143"}],"version-history":[{"count":3,"href":"https:\/\/ltim.lt\/en\/wp-json\/wp\/v2\/pages\/1143\/revisions"}],"predecessor-version":[{"id":1574,"href":"https:\/\/ltim.lt\/en\/wp-json\/wp\/v2\/pages\/1143\/revisions\/1574"}],"up":[{"embeddable":true,"href":"https:\/\/ltim.lt\/en\/wp-json\/wp\/v2\/pages\/153"}],"wp:featuredmedia":[{"embeddable":true,"href":"https:\/\/ltim.lt\/en\/wp-json\/wp\/v2\/media\/1144"}],"wp:attachment":[{"href":"https:\/\/ltim.lt\/en\/wp-json\/wp\/v2\/media?parent=1143"}],"curies":[{"name":"wp","href":"https:\/\/api.w.org\/{rel}","templated":true}]}}