{"id":1139,"date":"2021-11-02T17:26:07","date_gmt":"2021-11-02T19:26:07","guid":{"rendered":"http:\/\/ltim.lt\/?page_id=1139"},"modified":"2021-12-15T22:51:03","modified_gmt":"2021-12-16T00:51:03","slug":"raiziu-mecete-2019-m","status":"publish","type":"page","link":"https:\/\/ltim.lt\/en\/galerija\/vietoves\/alytus\/raiziu-mecete-2019-m\/","title":{"rendered":"Rai\u017ei\u0173 me\u010det\u0117, 2019 m."},"content":{"rendered":"\n<p>Rai\u017ei\u0173 kaimas, kuriame apsigyveno totoriai, buvo \u012fkurtas XV a. pabaigoje \u2013\u00a0XVI a. prad\u017eioje. 1624 \u2013 1631 m. Lietuvoje buvo atlikta generalin\u0117 totori\u0173 vald\u0173 revizija, Rai\u017eiuose\u00a0sura\u0161yti 44 d\u016bmai. 1795 m. atliktos Lietuvos gyventoj\u0173 revizijos\u00a0duomenimis Rai\u017eiuose gyveno 156 totoriai. 1923 m. Lietuvoje\u00a0vykdyto visuotinio gyventoj\u0173 sura\u0161ymo duomenimis Alytaus apskrityje gyveno 675 totoriai (336 vyrai\u00a0ir 339 moterys). Tai sudar\u0117 0,62<br \/>proc. Alytaus apskrities gyventoj\u0173\u00a0ir 69,37 proc. visos Lietuvos totori\u0173 bendruomen\u0117s.<\/p>\n<p><em><strong>Nuotraukos autorius Eugenijus Strioga.<\/strong><\/em><\/p>\n","protected":false},"excerpt":{"rendered":"<p>Rai\u017ei\u0173 kaimas, kuriame apsigyveno totoriai, buvo \u012fkurtas XV a. pabaigoje \u2013\u00a0XVI a. prad\u017eioje. 1624 \u2013 1631 m. Lietuvoje buvo atlikta generalin\u0117 totori\u0173 vald\u0173 revizija, Rai\u017eiuose\u00a0sura\u0161yti 44 d\u016bmai. 1795 m. atliktos Lietuvos gyventoj\u0173 revizijos\u00a0duomenimis Rai\u017eiuose gyveno 156 totoriai. 1923 m. Lietuvoje\u00a0vykdyto visuotinio gyventoj\u0173 sura\u0161ymo duomenimis Alytaus apskrityje gyveno 675 totoriai (336 vyrai\u00a0ir 339 moterys). Tai sudar\u0117 [&hellip;]<\/p>\n","protected":false},"author":1,"featured_media":1140,"parent":153,"menu_order":0,"comment_status":"closed","ping_status":"closed","template":"page-gallery-inside.php","meta":[],"_links":{"self":[{"href":"https:\/\/ltim.lt\/en\/wp-json\/wp\/v2\/pages\/1139"}],"collection":[{"href":"https:\/\/ltim.lt\/en\/wp-json\/wp\/v2\/pages"}],"about":[{"href":"https:\/\/ltim.lt\/en\/wp-json\/wp\/v2\/types\/page"}],"author":[{"embeddable":true,"href":"https:\/\/ltim.lt\/en\/wp-json\/wp\/v2\/users\/1"}],"replies":[{"embeddable":true,"href":"https:\/\/ltim.lt\/en\/wp-json\/wp\/v2\/comments?post=1139"}],"version-history":[{"count":4,"href":"https:\/\/ltim.lt\/en\/wp-json\/wp\/v2\/pages\/1139\/revisions"}],"predecessor-version":[{"id":1565,"href":"https:\/\/ltim.lt\/en\/wp-json\/wp\/v2\/pages\/1139\/revisions\/1565"}],"up":[{"embeddable":true,"href":"https:\/\/ltim.lt\/en\/wp-json\/wp\/v2\/pages\/153"}],"wp:featuredmedia":[{"embeddable":true,"href":"https:\/\/ltim.lt\/en\/wp-json\/wp\/v2\/media\/1140"}],"wp:attachment":[{"href":"https:\/\/ltim.lt\/en\/wp-json\/wp\/v2\/media?parent=1139"}],"curies":[{"name":"wp","href":"https:\/\/api.w.org\/{rel}","templated":true}]}}