{"id":1135,"date":"2021-11-02T17:24:34","date_gmt":"2021-11-02T19:24:34","guid":{"rendered":"http:\/\/ltim.lt\/?page_id=1135"},"modified":"2021-12-15T23:02:21","modified_gmt":"2021-12-16T01:02:21","slug":"raiziu-mecetes-minbaras-pagamintas-1686-m-po-2020m-restauracijos","status":"publish","type":"page","link":"https:\/\/ltim.lt\/en\/galerija\/vietoves\/alytus\/raiziu-mecetes-minbaras-pagamintas-1686-m-po-2020m-restauracijos\/","title":{"rendered":"Rai\u017ei\u0173 me\u010det\u0117s minbaras pagamintas 1686 m. po 2020m. restauracijos"},"content":{"rendered":"\n<p>Po 2020 m. restauracijos naujomis spalvomis su\u0161vito Rai\u017ei\u0173 me\u010det\u0117s minbaras (sakykla), totoriaus dailid\u0117s rankomis pagamintas 1686 m. U\u017e r\u016bpest\u012f restauruoti minbar\u0105 ir visokeriop\u0105 pagalb\u0105 turime pad\u0117koti Lietuvos totori\u0173 bendruomen\u0117s draugui dr. Andrzej Drozd i\u0161 Var\u0161uvos universiteto.<\/p>\n","protected":false},"excerpt":{"rendered":"<p>Po 2020 m. restauracijos naujomis spalvomis su\u0161vito Rai\u017ei\u0173 me\u010det\u0117s minbaras (sakykla), totoriaus dailid\u0117s rankomis pagamintas 1686 m. U\u017e r\u016bpest\u012f restauruoti minbar\u0105 ir visokeriop\u0105 pagalb\u0105 turime pad\u0117koti Lietuvos totori\u0173 bendruomen\u0117s draugui dr. Andrzej Drozd i\u0161 Var\u0161uvos universiteto.<\/p>\n","protected":false},"author":1,"featured_media":1136,"parent":153,"menu_order":0,"comment_status":"closed","ping_status":"closed","template":"page-gallery-inside.php","meta":[],"_links":{"self":[{"href":"https:\/\/ltim.lt\/en\/wp-json\/wp\/v2\/pages\/1135"}],"collection":[{"href":"https:\/\/ltim.lt\/en\/wp-json\/wp\/v2\/pages"}],"about":[{"href":"https:\/\/ltim.lt\/en\/wp-json\/wp\/v2\/types\/page"}],"author":[{"embeddable":true,"href":"https:\/\/ltim.lt\/en\/wp-json\/wp\/v2\/users\/1"}],"replies":[{"embeddable":true,"href":"https:\/\/ltim.lt\/en\/wp-json\/wp\/v2\/comments?post=1135"}],"version-history":[{"count":3,"href":"https:\/\/ltim.lt\/en\/wp-json\/wp\/v2\/pages\/1135\/revisions"}],"predecessor-version":[{"id":1570,"href":"https:\/\/ltim.lt\/en\/wp-json\/wp\/v2\/pages\/1135\/revisions\/1570"}],"up":[{"embeddable":true,"href":"https:\/\/ltim.lt\/en\/wp-json\/wp\/v2\/pages\/153"}],"wp:featuredmedia":[{"embeddable":true,"href":"https:\/\/ltim.lt\/en\/wp-json\/wp\/v2\/media\/1136"}],"wp:attachment":[{"href":"https:\/\/ltim.lt\/en\/wp-json\/wp\/v2\/media?parent=1135"}],"curies":[{"name":"wp","href":"https:\/\/api.w.org\/{rel}","templated":true}]}}