{"id":1131,"date":"2021-11-02T17:18:45","date_gmt":"2021-11-02T19:18:45","guid":{"rendered":"http:\/\/ltim.lt\/?page_id=1131"},"modified":"2021-12-15T23:54:54","modified_gmt":"2021-12-16T01:54:54","slug":"dowgialow-gimines-herbas","status":"publish","type":"page","link":"https:\/\/ltim.lt\/en\/galerija\/heraldika\/dowgialow-gimines-herbas\/","title":{"rendered":"Dowgialow gimin\u0117s herbas"},"content":{"rendered":"\n<p><span style=\"font-weight: 400;\">Totori\u0173 \u0161eimos, kuri\u0173 kilm\u0117 buvo i\u0161 murz\u0173, b\u0117j\u0173, \u017eod\u017eiu, i\u0161 Aukso Ordos\u00a0 auk\u0161tuomen\u0117s, LDK buvo tituluojamos <\/span><i><span style=\"font-weight: 400;\">kniaz<\/span><\/i><span style=\"font-weight: 400;\">, taigi kunigaik\u0161\u010diais. Ta\u010diau tik\u00a0 keturioms totori\u0173 \u0161eimoms pripa\u017einti kunigaik\u0161\u010di\u0173 titulai (Dovgial\u0173 (herbas \u2013\u00a0 Kajszyly, Dovgialos \u2013 Daug\u0117los?), Dzenajavi\u010di\u0173 (herbas \u2013 Topor), Lov\u010dicki\u0173\u00a0 (herbas \u2013 Sas) ir Ulan\u0173-Maliu\u0161icki\u0173 (herbas \u2013 Stolowe Nozki)), kitoms netgi\u00a0 u\u017edrausta kunigaik\u0161\u010dio titulu naudotis. Tai d\u0117l to, jog j\u0173 titulai buvo i\u0161 Aukso\u00a0 Ordos, o Rusija to nepripa\u017eino. Daugelis \u0161eim\u0173 murz\u0173 titul\u0105 jau buvo \u012fkom<\/span><span style=\"font-weight: 400;\">ponavusios \u012f pavard\u0119.\u00a0<\/span><\/p>\n","protected":false},"excerpt":{"rendered":"<p>Totori\u0173 \u0161eimos, kuri\u0173 kilm\u0117 buvo i\u0161 murz\u0173, b\u0117j\u0173, \u017eod\u017eiu, i\u0161 Aukso Ordos\u00a0 auk\u0161tuomen\u0117s, LDK buvo tituluojamos kniaz, taigi kunigaik\u0161\u010diais. Ta\u010diau tik\u00a0 keturioms totori\u0173 \u0161eimoms pripa\u017einti kunigaik\u0161\u010di\u0173 titulai (Dovgial\u0173 (herbas \u2013\u00a0 Kajszyly, Dovgialos \u2013 Daug\u0117los?), Dzenajavi\u010di\u0173 (herbas \u2013 Topor), Lov\u010dicki\u0173\u00a0 (herbas \u2013 Sas) ir Ulan\u0173-Maliu\u0161icki\u0173 (herbas \u2013 Stolowe Nozki)), kitoms netgi\u00a0 u\u017edrausta kunigaik\u0161\u010dio titulu naudotis. Tai [&hellip;]<\/p>\n","protected":false},"author":1,"featured_media":1132,"parent":144,"menu_order":0,"comment_status":"closed","ping_status":"closed","template":"page-gallery-inside.php","meta":[],"_links":{"self":[{"href":"https:\/\/ltim.lt\/en\/wp-json\/wp\/v2\/pages\/1131"}],"collection":[{"href":"https:\/\/ltim.lt\/en\/wp-json\/wp\/v2\/pages"}],"about":[{"href":"https:\/\/ltim.lt\/en\/wp-json\/wp\/v2\/types\/page"}],"author":[{"embeddable":true,"href":"https:\/\/ltim.lt\/en\/wp-json\/wp\/v2\/users\/1"}],"replies":[{"embeddable":true,"href":"https:\/\/ltim.lt\/en\/wp-json\/wp\/v2\/comments?post=1131"}],"version-history":[{"count":5,"href":"https:\/\/ltim.lt\/en\/wp-json\/wp\/v2\/pages\/1131\/revisions"}],"predecessor-version":[{"id":1607,"href":"https:\/\/ltim.lt\/en\/wp-json\/wp\/v2\/pages\/1131\/revisions\/1607"}],"up":[{"embeddable":true,"href":"https:\/\/ltim.lt\/en\/wp-json\/wp\/v2\/pages\/144"}],"wp:featuredmedia":[{"embeddable":true,"href":"https:\/\/ltim.lt\/en\/wp-json\/wp\/v2\/media\/1132"}],"wp:attachment":[{"href":"https:\/\/ltim.lt\/en\/wp-json\/wp\/v2\/media?parent=1131"}],"curies":[{"name":"wp","href":"https:\/\/api.w.org\/{rel}","templated":true}]}}