{"id":1123,"date":"2021-11-02T17:09:58","date_gmt":"2021-11-02T19:09:58","guid":{"rendered":"http:\/\/ltim.lt\/?page_id=1123"},"modified":"2022-01-13T08:25:58","modified_gmt":"2022-01-13T10:25:58","slug":"kauno-valstybinio-archyvo-pazyma-del-kauno-totoriu-draugijos-nekilnojamo-turto-1992-m","status":"publish","type":"page","link":"https:\/\/ltim.lt\/en\/galerija\/dokumentai\/kauno-valstybinio-archyvo-pazyma-del-kauno-totoriu-draugijos-nekilnojamo-turto-1992-m\/","title":{"rendered":"Kauno valstybinio archyvo pa\u017eyma d\u0117l Kauno totori\u0173 draugijos nekilnojamo turto. 1992 m."},"content":{"rendered":"\n<p class=\"post-title\">Kauno valstybinio archyvo pa\u017eyma d\u0117l Kauno totori\u0173 draugijos nekilnojamo turto.\u00a0<\/p>\n","protected":false},"excerpt":{"rendered":"<p>Kauno valstybinio archyvo pa\u017eyma d\u0117l Kauno totori\u0173 draugijos nekilnojamo turto.\u00a0<\/p>\n","protected":false},"author":1,"featured_media":1119,"parent":128,"menu_order":0,"comment_status":"closed","ping_status":"closed","template":"page-gallery-inside.php","meta":[],"_links":{"self":[{"href":"https:\/\/ltim.lt\/en\/wp-json\/wp\/v2\/pages\/1123"}],"collection":[{"href":"https:\/\/ltim.lt\/en\/wp-json\/wp\/v2\/pages"}],"about":[{"href":"https:\/\/ltim.lt\/en\/wp-json\/wp\/v2\/types\/page"}],"author":[{"embeddable":true,"href":"https:\/\/ltim.lt\/en\/wp-json\/wp\/v2\/users\/1"}],"replies":[{"embeddable":true,"href":"https:\/\/ltim.lt\/en\/wp-json\/wp\/v2\/comments?post=1123"}],"version-history":[{"count":4,"href":"https:\/\/ltim.lt\/en\/wp-json\/wp\/v2\/pages\/1123\/revisions"}],"predecessor-version":[{"id":1783,"href":"https:\/\/ltim.lt\/en\/wp-json\/wp\/v2\/pages\/1123\/revisions\/1783"}],"up":[{"embeddable":true,"href":"https:\/\/ltim.lt\/en\/wp-json\/wp\/v2\/pages\/128"}],"wp:featuredmedia":[{"embeddable":true,"href":"https:\/\/ltim.lt\/en\/wp-json\/wp\/v2\/media\/1119"}],"wp:attachment":[{"href":"https:\/\/ltim.lt\/en\/wp-json\/wp\/v2\/media?parent=1123"}],"curies":[{"name":"wp","href":"https:\/\/api.w.org\/{rel}","templated":true}]}}