{"id":1048,"date":"2021-10-19T16:22:54","date_gmt":"2021-10-19T18:22:54","guid":{"rendered":"http:\/\/ltim.lt\/?page_id=1048"},"modified":"2021-10-19T16:23:51","modified_gmt":"2021-10-19T18:23:51","slug":"iv-priesakines-sargybosldk-ulonu-pulko-ulonas-ir-eilinis","status":"publish","type":"page","link":"https:\/\/ltim.lt\/en\/galerija\/menas\/grafika\/iv-priesakines-sargybosldk-ulonu-pulko-ulonas-ir-eilinis\/","title":{"rendered":"IV prie\u0161akin\u0117s sargybos LDK ulon\u0173 pulko ulonas ir eilinis"},"content":{"rendered":"\n<p>Autorius ne\u017einomas.<\/p>\n","protected":false},"excerpt":{"rendered":"<p>Autorius ne\u017einomas.<\/p>\n","protected":false},"author":1,"featured_media":1038,"parent":1024,"menu_order":0,"comment_status":"closed","ping_status":"closed","template":"page-gallery-inside.php","meta":[],"_links":{"self":[{"href":"https:\/\/ltim.lt\/en\/wp-json\/wp\/v2\/pages\/1048"}],"collection":[{"href":"https:\/\/ltim.lt\/en\/wp-json\/wp\/v2\/pages"}],"about":[{"href":"https:\/\/ltim.lt\/en\/wp-json\/wp\/v2\/types\/page"}],"author":[{"embeddable":true,"href":"https:\/\/ltim.lt\/en\/wp-json\/wp\/v2\/users\/1"}],"replies":[{"embeddable":true,"href":"https:\/\/ltim.lt\/en\/wp-json\/wp\/v2\/comments?post=1048"}],"version-history":[{"count":4,"href":"https:\/\/ltim.lt\/en\/wp-json\/wp\/v2\/pages\/1048\/revisions"}],"predecessor-version":[{"id":1052,"href":"https:\/\/ltim.lt\/en\/wp-json\/wp\/v2\/pages\/1048\/revisions\/1052"}],"up":[{"embeddable":true,"href":"https:\/\/ltim.lt\/en\/wp-json\/wp\/v2\/pages\/1024"}],"wp:featuredmedia":[{"embeddable":true,"href":"https:\/\/ltim.lt\/en\/wp-json\/wp\/v2\/media\/1038"}],"wp:attachment":[{"href":"https:\/\/ltim.lt\/en\/wp-json\/wp\/v2\/media?parent=1048"}],"curies":[{"name":"wp","href":"https:\/\/api.w.org\/{rel}","templated":true}]}}