{"id":1011,"date":"2021-10-13T16:26:07","date_gmt":"2021-10-13T18:26:07","guid":{"rendered":"http:\/\/ltim.lt\/?page_id=1011"},"modified":"2021-10-13T16:26:08","modified_gmt":"2021-10-13T18:26:08","slug":"2021-lietuvos-totoriu-istorijos-ir-kulturos-metai-logotipas","status":"publish","type":"page","link":"https:\/\/ltim.lt\/en\/galerija\/heraldika\/2021-lietuvos-totoriu-istorijos-ir-kulturos-metai-logotipas\/","title":{"rendered":"\u201e2021 Lietuvos totori\u0173 istorijos ir kult\u016bros metai\u201c logotipas"},"content":{"rendered":"\n<p>Logotipas sukurtas ir pagamintas pagal \u201eTautini\u0173 ma\u017eum\u0173 departamentas prie Lietuvos Respublikos Vyriausyb\u0117s\u201c u\u017esakym\u0105.<\/p>\n","protected":false},"excerpt":{"rendered":"<p>Logotipas sukurtas ir pagamintas pagal \u201eTautini\u0173 ma\u017eum\u0173 departamentas prie Lietuvos Respublikos Vyriausyb\u0117s\u201c u\u017esakym\u0105.<\/p>\n","protected":false},"author":1,"featured_media":1012,"parent":144,"menu_order":0,"comment_status":"closed","ping_status":"closed","template":"page-gallery-inside.php","meta":[],"_links":{"self":[{"href":"https:\/\/ltim.lt\/en\/wp-json\/wp\/v2\/pages\/1011"}],"collection":[{"href":"https:\/\/ltim.lt\/en\/wp-json\/wp\/v2\/pages"}],"about":[{"href":"https:\/\/ltim.lt\/en\/wp-json\/wp\/v2\/types\/page"}],"author":[{"embeddable":true,"href":"https:\/\/ltim.lt\/en\/wp-json\/wp\/v2\/users\/1"}],"replies":[{"embeddable":true,"href":"https:\/\/ltim.lt\/en\/wp-json\/wp\/v2\/comments?post=1011"}],"version-history":[{"count":2,"href":"https:\/\/ltim.lt\/en\/wp-json\/wp\/v2\/pages\/1011\/revisions"}],"predecessor-version":[{"id":1014,"href":"https:\/\/ltim.lt\/en\/wp-json\/wp\/v2\/pages\/1011\/revisions\/1014"}],"up":[{"embeddable":true,"href":"https:\/\/ltim.lt\/en\/wp-json\/wp\/v2\/pages\/144"}],"wp:featuredmedia":[{"embeddable":true,"href":"https:\/\/ltim.lt\/en\/wp-json\/wp\/v2\/media\/1012"}],"wp:attachment":[{"href":"https:\/\/ltim.lt\/en\/wp-json\/wp\/v2\/media?parent=1011"}],"curies":[{"name":"wp","href":"https:\/\/api.w.org\/{rel}","templated":true}]}}